{"id":659,"date":"2023-04-06T14:58:23","date_gmt":"2023-04-06T12:58:23","guid":{"rendered":"https:\/\/congresamp2024.world\/the-team\/"},"modified":"2024-02-29T08:26:54","modified_gmt":"2024-02-29T07:26:54","slug":"the-team","status":"publish","type":"page","link":"https:\/\/congresamp2024.world\/en\/the-team\/","title":{"rendered":"The team!"},"content":{"rendered":"\n<p>The composition of our team is not immutable. It lives its life, it is in motion, always evolving. It is formed as we develop our way of doing things. The real before the symbolic. To be continued.<\/p>\n\n\n\n<hr class=\"wp-block-separator has-alpha-channel-opacity\"\/>\n\n\n\n<p><strong>PRESIDENT OF THE WAP<\/strong><\/p>\n\n\n\n<p>Christiane Alberti<\/p>\n\n\n\n<p><strong>DIRECTION OF THE CONGRESS<\/strong><\/p>\n\n\n\n<p><strong>Directors:<\/strong> Ligia Gorini, Gil Caroz<\/p>\n\n\n\n<p><strong>CONSULTANTS<\/strong><\/p>\n\n\n\n<p>Jacques-Alain Miller<\/p>\n\n\n\n<p>Christiane Alberti<\/p>\n\n\n\n<p><strong>ORGANISATION COMMISSION<\/strong><\/p>\n\n\n\n<p><strong>Secretary:<\/strong> Anne Ganivet-Poumellec (responsible) \/ Newsletter&nbsp;Assistance: Vanessa Wroblewski and Barbara Bertoni<\/p>\n\n\n\n<p><strong>Treasurer:<\/strong>&nbsp; Ang\u00e8le Terrier&nbsp;(responsible) with Bruno Alivon (deputy treasurer)<\/p>\n\n\n\n<p><strong>Correspondents of the schools of the WPA:<\/strong><\/p>\n\n\n\n<p>ECF: C\u00e9cile Wojnarowski<br>EOL: Andrea Zelaya<br>EBP: Angelina Harari<br>ELP: Felix Rueda<br>NLS: Peggy Papada<br>SLP: Loretta Biondi<br>NEL: Raquel Cors Ulloa<\/p>\n\n\n\n<p><strong>Reception:<\/strong> Fr\u00e9d\u00e9rique Bouvet (responsible)<\/p>\n\n\n\n<p><strong>Translations:<\/strong> Paula Galhardo (responsible) with:<\/p>\n\n\n\n<p><em>English:<\/em>&nbsp;Peggy Papada (responsible),&nbsp;Julie Burchill, Joachim Cauwe,&nbsp;Adeena Mey, St\u00e9phane Pr\u00e9teux, Eva Sophie Reinhofer, Samya Seth, Amal Wahbi<\/p>\n\n\n\n<p><em>Spanish:<\/em>&nbsp;Melina Cothros (responsible), Ariel Altman, Silvana Belmudes, Lore Buchner, Fernando Centeno, Flavia Hofstetter,&nbsp;Marlith Pachao,&nbsp;Tomas Verger, Claudia Vilela<\/p>\n\n\n\n<p><em>Italian:&nbsp;<\/em>Elena Madera (responsible), Marco Androsiglio, Ombretta Graciotti, Massimo Grassani, Laura Pacati, Michela Perini, Eleonora Renna, Emanuela Sabatini, Rita Ungania<\/p>\n\n\n\n<p><em>Portugais:<\/em>&nbsp;Fernanda Bonilha, Isadora Escossia, Carina Faria, Raquel da Matta-Beauvais, Mariel Martins, Andrea Souza Paleari, Fernanda Turbat<\/p>\n\n\n\n<p><em>French:<\/em> Zo\u00e9 Barray, Caroline Happiette, Camille Schuffenecker<\/p>\n\n\n\n<p><strong>Bookshop: <\/strong>Isabelle Magne (responsible)<\/p>\n\n\n\n<p><strong>EPISTEMOLOGICAL AND CLINICAL COMMISSION<\/strong><\/p>\n\n\n\n<p><strong>Parallel sessions:<\/strong> Yves Vanderveken (responsible)<\/p>\n\n\n\n<p>Cell: Elisa Alvarenga, Miquel Bassols, Domenico Cosenza<\/p>\n\n\n\n<p>Secretariat: Ruzanna Hakobyan<\/p>\n\n\n\n<p>Technical team: Veronica Rovai (responsible) with Elise Etchamendy, Marie Salaun, Alice Viterbo, Anna Alexopoulou, Dario Alparone, Dony Antunes, Gillian Bradbury, Lore Buchner, Maitena de Zabaleta, Cinthya Estrada, Cynthia Gon\u00e7alves Gindro, Ombretta Graciotti, Roy Hostettler, Lucie Kiyambekova, Katell Le Scouarnec, Mihalis Manoussakis, Aino-Marjatta M\u00e4ki, Sarah Marquis, Flor Mendiondo, Nikita Moshkin, Marlith Pachao, Ilaria Papandrea, Adriana Rend\u00f3n, Diego Mart\u00edn Tagliaferri, Jesica Varela<\/p>\n\n\n\n<p><strong>Plenary<\/strong><\/p>\n\n\n\n<p>Technical team : Cecilia Naranjo (responsible) with Lore Buchner, Gaelle Chamboncel, Anne Colombel-Plouzennec, Thomas Daigueperce, Elise Etchamendy, Micaela FratturaMarie Herrmann, Anne-Elisabeth Labenne, Veronica Rovai, Marie Salaun, Mathieu Siriot<\/p>\n\n\n\n<p><strong>COMMUNICATION AND CIRCULATION<\/strong><\/p>\n\n\n\n<p><strong>Media manager:<\/strong> Cecilia Naranjo<\/p>\n\n\n\n<p><strong>Hotline:<\/strong> Bruno Alivon (responsible) with Christelle Arfeuille, Arunava Banerjee, Nohemi Brown, Guillermina Laferrara, Cristiano de Oliveira&nbsp;Ventura, Ilaria Papandrea, Nayahra Reis, Eleonora Renna, Eduardo Scarone, G\u00e9rard S\u00e9yeux, Daria Weinstein<\/p>\n\n\n\n<p><strong>Website:<\/strong> Mauricio Diament and Fr\u00e9d\u00e9rique Bouvet (responsibles) with Allan Caro and Cl\u00e9ment Marmoz<\/p>\n\n\n\n<p>Translations website: Barbara Bertoni, Lorenzo Speroni, Amal Wahbi<\/p>\n\n\n\n<p><strong>Social media:<\/strong> Patricia Wartelle (responsible) with Barbara Bertoni<\/p>\n\n\n\n<p><em>Facebook:<\/em> Anne Colombel-Plouzennec (responsible)&nbsp;\/ account responsible: Linda Clarke&nbsp;(English), Anne Colombel-Plouzennec, Anne-Elisabeth Labenne&nbsp;(French), Luisa Arag\u00f3n&nbsp;(Spanish), Maria Rita Conrado&nbsp;(Italian), Maria Antunes&nbsp;(Portuguese)<\/p>\n\n\n\n<p><em>Instagram:<\/em> Val\u00e9rie Bussi\u00e8res (responsible) \/ account responsible: Christelle Arfeuille, Isabelle Miraglio, Catherine Delengaigne (French), Camila Colas (Portuguese), Chiara Nicastri (Italian), Andrea Freir\u00eda (Spanish), Sarah Birgani (English)<\/p>\n\n\n\n<p><em>Twitter:<\/em> Eduardo Scarone (responsible) \/ account responsible: C\u00e9cile Favreau, Eduardo Scarone (French), Katia Mari\u00e1s (Portuguese), Guido Coll (Spanish), Peggy Papada (English), Cecilia Rizzo (Italian)<\/p>\n\n\n\n<p><em>LinkedIn:<\/em> Eduardo Scarone, C\u00e9cile Favreau<\/p>\n","protected":false},"excerpt":{"rendered":"<p>The composition of our team is not immutable. It lives its life, it is in motion, always evolving. It is formed as we develop our way of doing things. The real before the symbolic. To be continued. PRESIDENT OF THE WAP Christiane Alberti DIRECTION OF THE CONGRESS Directors: Ligia Gorini, Gil Caroz CONSULTANTS Jacques-Alain Miller&hellip;&nbsp;<a href=\"https:\/\/congresamp2024.world\/en\/the-team\/\" class=\"\" rel=\"bookmark\">Read More &raquo;<span class=\"screen-reader-text\">The team!<\/span><\/a><\/p>\n","protected":false},"author":1,"featured_media":0,"parent":0,"menu_order":0,"comment_status":"closed","ping_status":"closed","template":"","meta":{"neve_meta_sidebar":"","neve_meta_container":"","neve_meta_enable_content_width":"","neve_meta_content_width":0,"neve_meta_title_alignment":"","neve_meta_author_avatar":"","neve_post_elements_order":"","neve_meta_disable_header":"","neve_meta_disable_footer":"","neve_meta_disable_title":"","neve_meta_reading_time":"","_themeisle_gutenberg_block_has_review":false,"_ti_tpc_template_sync":false,"_ti_tpc_template_id":"","footnotes":""},"class_list":["post-659","page","type-page","status-publish","hentry"],"acf":[],"yoast_head":"<!-- This site is optimized with the Yoast SEO plugin v20.11 - https:\/\/yoast.com\/wordpress\/plugins\/seo\/ -->\n<title>The team! -<\/title>\n<meta name=\"robots\" content=\"index, follow, max-snippet:-1, max-image-preview:large, max-video-preview:-1\" \/>\n<link rel=\"canonical\" href=\"https:\/\/congresamp2024.world\/en\/the-team\/\" \/>\n<meta property=\"og:locale\" content=\"en_US\" \/>\n<meta property=\"og:type\" content=\"article\" \/>\n<meta property=\"og:title\" content=\"The team! -\" \/>\n<meta property=\"og:description\" content=\"The composition of our team is not immutable. It lives its life, it is in motion, always evolving. It is formed as we develop our way of doing things. The real before the symbolic. To be continued. PRESIDENT OF THE WAP Christiane Alberti DIRECTION OF THE CONGRESS Directors: Ligia Gorini, Gil Caroz CONSULTANTS Jacques-Alain Miller&hellip;&nbsp;Read More &raquo;The team!\" \/>\n<meta property=\"og:url\" content=\"https:\/\/congresamp2024.world\/en\/the-team\/\" \/>\n<meta property=\"article:modified_time\" content=\"2024-02-29T07:26:54+00:00\" \/>\n<meta name=\"twitter:card\" content=\"summary_large_image\" \/>\n<meta name=\"twitter:label1\" content=\"Est. reading time\" \/>\n\t<meta name=\"twitter:data1\" content=\"3 minutes\" \/>\n<script type=\"application\/ld+json\" class=\"yoast-schema-graph\">{\"@context\":\"https:\/\/schema.org\",\"@graph\":[{\"@type\":\"WebPage\",\"@id\":\"https:\/\/congresamp2024.world\/en\/the-team\/\",\"url\":\"https:\/\/congresamp2024.world\/en\/the-team\/\",\"name\":\"The team! -\",\"isPartOf\":{\"@id\":\"https:\/\/congresamp2024.world\/en\/#website\"},\"datePublished\":\"2023-04-06T12:58:23+00:00\",\"dateModified\":\"2024-02-29T07:26:54+00:00\",\"breadcrumb\":{\"@id\":\"https:\/\/congresamp2024.world\/en\/the-team\/#breadcrumb\"},\"inLanguage\":\"en-US\",\"potentialAction\":[{\"@type\":\"ReadAction\",\"target\":[\"https:\/\/congresamp2024.world\/en\/the-team\/\"]}]},{\"@type\":\"BreadcrumbList\",\"@id\":\"https:\/\/congresamp2024.world\/en\/the-team\/#breadcrumb\",\"itemListElement\":[{\"@type\":\"ListItem\",\"position\":1,\"name\":\"Accueil\",\"item\":\"https:\/\/congresamp2024.world\/en\/\"},{\"@type\":\"ListItem\",\"position\":2,\"name\":\"The team!\"}]},{\"@type\":\"WebSite\",\"@id\":\"https:\/\/congresamp2024.world\/en\/#website\",\"url\":\"https:\/\/congresamp2024.world\/en\/\",\"name\":\"\",\"description\":\"\",\"potentialAction\":[{\"@type\":\"SearchAction\",\"target\":{\"@type\":\"EntryPoint\",\"urlTemplate\":\"https:\/\/congresamp2024.world\/en\/?s={search_term_string}\"},\"query-input\":\"required name=search_term_string\"}],\"inLanguage\":\"en-US\"}]}<\/script>\n<!-- \/ Yoast SEO plugin. -->","yoast_head_json":{"title":"The team! -","robots":{"index":"index","follow":"follow","max-snippet":"max-snippet:-1","max-image-preview":"max-image-preview:large","max-video-preview":"max-video-preview:-1"},"canonical":"https:\/\/congresamp2024.world\/en\/the-team\/","og_locale":"en_US","og_type":"article","og_title":"The team! -","og_description":"The composition of our team is not immutable. It lives its life, it is in motion, always evolving. It is formed as we develop our way of doing things. The real before the symbolic. To be continued. PRESIDENT OF THE WAP Christiane Alberti DIRECTION OF THE CONGRESS Directors: Ligia Gorini, Gil Caroz CONSULTANTS Jacques-Alain Miller&hellip;&nbsp;Read More &raquo;The team!","og_url":"https:\/\/congresamp2024.world\/en\/the-team\/","article_modified_time":"2024-02-29T07:26:54+00:00","twitter_card":"summary_large_image","twitter_misc":{"Est. reading time":"3 minutes"},"schema":{"@context":"https:\/\/schema.org","@graph":[{"@type":"WebPage","@id":"https:\/\/congresamp2024.world\/en\/the-team\/","url":"https:\/\/congresamp2024.world\/en\/the-team\/","name":"The team! -","isPartOf":{"@id":"https:\/\/congresamp2024.world\/en\/#website"},"datePublished":"2023-04-06T12:58:23+00:00","dateModified":"2024-02-29T07:26:54+00:00","breadcrumb":{"@id":"https:\/\/congresamp2024.world\/en\/the-team\/#breadcrumb"},"inLanguage":"en-US","potentialAction":[{"@type":"ReadAction","target":["https:\/\/congresamp2024.world\/en\/the-team\/"]}]},{"@type":"BreadcrumbList","@id":"https:\/\/congresamp2024.world\/en\/the-team\/#breadcrumb","itemListElement":[{"@type":"ListItem","position":1,"name":"Accueil","item":"https:\/\/congresamp2024.world\/en\/"},{"@type":"ListItem","position":2,"name":"The team!"}]},{"@type":"WebSite","@id":"https:\/\/congresamp2024.world\/en\/#website","url":"https:\/\/congresamp2024.world\/en\/","name":"","description":"","potentialAction":[{"@type":"SearchAction","target":{"@type":"EntryPoint","urlTemplate":"https:\/\/congresamp2024.world\/en\/?s={search_term_string}"},"query-input":"required name=search_term_string"}],"inLanguage":"en-US"}]}},"_links":{"self":[{"href":"https:\/\/congresamp2024.world\/en\/wp-json\/wp\/v2\/pages\/659","targetHints":{"allow":["GET"]}}],"collection":[{"href":"https:\/\/congresamp2024.world\/en\/wp-json\/wp\/v2\/pages"}],"about":[{"href":"https:\/\/congresamp2024.world\/en\/wp-json\/wp\/v2\/types\/page"}],"author":[{"embeddable":true,"href":"https:\/\/congresamp2024.world\/en\/wp-json\/wp\/v2\/users\/1"}],"replies":[{"embeddable":true,"href":"https:\/\/congresamp2024.world\/en\/wp-json\/wp\/v2\/comments?post=659"}],"version-history":[{"count":17,"href":"https:\/\/congresamp2024.world\/en\/wp-json\/wp\/v2\/pages\/659\/revisions"}],"predecessor-version":[{"id":8562,"href":"https:\/\/congresamp2024.world\/en\/wp-json\/wp\/v2\/pages\/659\/revisions\/8562"}],"wp:attachment":[{"href":"https:\/\/congresamp2024.world\/en\/wp-json\/wp\/v2\/media?parent=659"}],"curies":[{"name":"wp","href":"https:\/\/api.w.org\/{rel}","templated":true}]}}