{"id":675,"date":"2023-04-06T14:59:43","date_gmt":"2023-04-06T12:59:43","guid":{"rendered":"https:\/\/congresamp2024.world\/que-es-la-amp\/"},"modified":"2023-07-13T12:19:23","modified_gmt":"2023-07-13T10:19:23","slug":"que-es-la-amp","status":"publish","type":"page","link":"https:\/\/congresamp2024.world\/es\/que-es-la-amp\/","title":{"rendered":"Presentaci\u00f3n de la AMP"},"content":{"rendered":"\n<p><strong>Christiane Alberti<\/strong><\/p>\n\n\n\n<p>La Asociaci\u00f3n Mundial de Psicoan\u00e1lisis re\u00fane siete Escuelas, situadas en distintos pa\u00edses de diferentes continentes. Caracterizada por la diversidad de lenguas y estilos, es una experiencia transling\u00fc\u00edstica que pretende mantener viva la orientaci\u00f3n lacaniana y el psicoan\u00e1lisis en el mundo. Todos sus miembros tienen un punto com\u00fan: sus referencias te\u00f3ricas, su preocupaci\u00f3n por la formaci\u00f3n del analista, su manera de practicar el psicoan\u00e1lisis, su doctrina sobre el fin del an\u00e1lisis. Sus miembros que viven en ambientes culturales diferentes, se sienten, uno por uno, formando una Escuela UNA, compartiendo su destino, compartiendo como destino: el psicoan\u00e1lisis.<\/p>\n\n\n\n<p>La existencia de la AMP es una consecuencia de la ense\u00f1anza de Jacques Lacan, tal como se extendi\u00f3 fuera de Francia. Es el psicoan\u00e1lisis en el mundo, el mundo m\u00e1s all\u00e1 de sus fronteras.<\/p>\n","protected":false},"excerpt":{"rendered":"<p>Christiane Alberti La Asociaci\u00f3n Mundial de Psicoan\u00e1lisis re\u00fane siete Escuelas, situadas en distintos pa\u00edses de diferentes continentes. Caracterizada por la diversidad de lenguas y estilos, es una experiencia transling\u00fc\u00edstica que pretende mantener viva la orientaci\u00f3n lacaniana y el psicoan\u00e1lisis en el mundo. Todos sus miembros tienen un punto com\u00fan: sus referencias te\u00f3ricas, su preocupaci\u00f3n por&hellip;&nbsp;<a href=\"https:\/\/congresamp2024.world\/es\/que-es-la-amp\/\" class=\"\" rel=\"bookmark\">Leer m\u00e1s &raquo;<span class=\"screen-reader-text\">Presentaci\u00f3n de la AMP<\/span><\/a><\/p>\n","protected":false},"author":1,"featured_media":0,"parent":0,"menu_order":0,"comment_status":"closed","ping_status":"closed","template":"","meta":{"neve_meta_sidebar":"","neve_meta_container":"","neve_meta_enable_content_width":"","neve_meta_content_width":0,"neve_meta_title_alignment":"","neve_meta_author_avatar":"","neve_post_elements_order":"","neve_meta_disable_header":"","neve_meta_disable_footer":"","neve_meta_disable_title":"","neve_meta_reading_time":"","_themeisle_gutenberg_block_has_review":false,"_ti_tpc_template_sync":false,"_ti_tpc_template_id":"","footnotes":""},"class_list":["post-675","page","type-page","status-publish","hentry"],"acf":[],"yoast_head":"<!-- This site is optimized with the Yoast SEO plugin v20.11 - https:\/\/yoast.com\/wordpress\/plugins\/seo\/ -->\n<title>Presentaci\u00f3n de la AMP -<\/title>\n<meta name=\"robots\" content=\"index, follow, max-snippet:-1, max-image-preview:large, max-video-preview:-1\" \/>\n<link rel=\"canonical\" href=\"https:\/\/congresamp2024.world\/es\/que-es-la-amp\/\" \/>\n<meta property=\"og:locale\" content=\"es_ES\" \/>\n<meta property=\"og:type\" content=\"article\" \/>\n<meta property=\"og:title\" content=\"Presentaci\u00f3n de la AMP -\" \/>\n<meta property=\"og:description\" content=\"Christiane Alberti La Asociaci\u00f3n Mundial de Psicoan\u00e1lisis re\u00fane siete Escuelas, situadas en distintos pa\u00edses de diferentes continentes. Caracterizada por la diversidad de lenguas y estilos, es una experiencia transling\u00fc\u00edstica que pretende mantener viva la orientaci\u00f3n lacaniana y el psicoan\u00e1lisis en el mundo. Todos sus miembros tienen un punto com\u00fan: sus referencias te\u00f3ricas, su preocupaci\u00f3n por&hellip;&nbsp;Leer m\u00e1s &raquo;Presentaci\u00f3n de la AMP\" \/>\n<meta property=\"og:url\" content=\"https:\/\/congresamp2024.world\/es\/que-es-la-amp\/\" \/>\n<meta property=\"article:modified_time\" content=\"2023-07-13T10:19:23+00:00\" \/>\n<meta name=\"twitter:card\" content=\"summary_large_image\" \/>\n<meta name=\"twitter:label1\" content=\"Tiempo de lectura\" \/>\n\t<meta name=\"twitter:data1\" content=\"1 minuto\" \/>\n<script type=\"application\/ld+json\" class=\"yoast-schema-graph\">{\"@context\":\"https:\/\/schema.org\",\"@graph\":[{\"@type\":\"WebPage\",\"@id\":\"https:\/\/congresamp2024.world\/es\/que-es-la-amp\/\",\"url\":\"https:\/\/congresamp2024.world\/es\/que-es-la-amp\/\",\"name\":\"Presentaci\u00f3n de la AMP -\",\"isPartOf\":{\"@id\":\"https:\/\/congresamp2024.world\/es\/#website\"},\"datePublished\":\"2023-04-06T12:59:43+00:00\",\"dateModified\":\"2023-07-13T10:19:23+00:00\",\"breadcrumb\":{\"@id\":\"https:\/\/congresamp2024.world\/es\/que-es-la-amp\/#breadcrumb\"},\"inLanguage\":\"es\",\"potentialAction\":[{\"@type\":\"ReadAction\",\"target\":[\"https:\/\/congresamp2024.world\/es\/que-es-la-amp\/\"]}]},{\"@type\":\"BreadcrumbList\",\"@id\":\"https:\/\/congresamp2024.world\/es\/que-es-la-amp\/#breadcrumb\",\"itemListElement\":[{\"@type\":\"ListItem\",\"position\":1,\"name\":\"Accueil\",\"item\":\"https:\/\/congresamp2024.world\/es\/\"},{\"@type\":\"ListItem\",\"position\":2,\"name\":\"Presentaci\u00f3n de la AMP\"}]},{\"@type\":\"WebSite\",\"@id\":\"https:\/\/congresamp2024.world\/es\/#website\",\"url\":\"https:\/\/congresamp2024.world\/es\/\",\"name\":\"\",\"description\":\"\",\"potentialAction\":[{\"@type\":\"SearchAction\",\"target\":{\"@type\":\"EntryPoint\",\"urlTemplate\":\"https:\/\/congresamp2024.world\/es\/?s={search_term_string}\"},\"query-input\":\"required name=search_term_string\"}],\"inLanguage\":\"es\"}]}<\/script>\n<!-- \/ Yoast SEO plugin. -->","yoast_head_json":{"title":"Presentaci\u00f3n de la AMP -","robots":{"index":"index","follow":"follow","max-snippet":"max-snippet:-1","max-image-preview":"max-image-preview:large","max-video-preview":"max-video-preview:-1"},"canonical":"https:\/\/congresamp2024.world\/es\/que-es-la-amp\/","og_locale":"es_ES","og_type":"article","og_title":"Presentaci\u00f3n de la AMP -","og_description":"Christiane Alberti La Asociaci\u00f3n Mundial de Psicoan\u00e1lisis re\u00fane siete Escuelas, situadas en distintos pa\u00edses de diferentes continentes. Caracterizada por la diversidad de lenguas y estilos, es una experiencia transling\u00fc\u00edstica que pretende mantener viva la orientaci\u00f3n lacaniana y el psicoan\u00e1lisis en el mundo. Todos sus miembros tienen un punto com\u00fan: sus referencias te\u00f3ricas, su preocupaci\u00f3n por&hellip;&nbsp;Leer m\u00e1s &raquo;Presentaci\u00f3n de la AMP","og_url":"https:\/\/congresamp2024.world\/es\/que-es-la-amp\/","article_modified_time":"2023-07-13T10:19:23+00:00","twitter_card":"summary_large_image","twitter_misc":{"Tiempo de lectura":"1 minuto"},"schema":{"@context":"https:\/\/schema.org","@graph":[{"@type":"WebPage","@id":"https:\/\/congresamp2024.world\/es\/que-es-la-amp\/","url":"https:\/\/congresamp2024.world\/es\/que-es-la-amp\/","name":"Presentaci\u00f3n de la AMP -","isPartOf":{"@id":"https:\/\/congresamp2024.world\/es\/#website"},"datePublished":"2023-04-06T12:59:43+00:00","dateModified":"2023-07-13T10:19:23+00:00","breadcrumb":{"@id":"https:\/\/congresamp2024.world\/es\/que-es-la-amp\/#breadcrumb"},"inLanguage":"es","potentialAction":[{"@type":"ReadAction","target":["https:\/\/congresamp2024.world\/es\/que-es-la-amp\/"]}]},{"@type":"BreadcrumbList","@id":"https:\/\/congresamp2024.world\/es\/que-es-la-amp\/#breadcrumb","itemListElement":[{"@type":"ListItem","position":1,"name":"Accueil","item":"https:\/\/congresamp2024.world\/es\/"},{"@type":"ListItem","position":2,"name":"Presentaci\u00f3n de la AMP"}]},{"@type":"WebSite","@id":"https:\/\/congresamp2024.world\/es\/#website","url":"https:\/\/congresamp2024.world\/es\/","name":"","description":"","potentialAction":[{"@type":"SearchAction","target":{"@type":"EntryPoint","urlTemplate":"https:\/\/congresamp2024.world\/es\/?s={search_term_string}"},"query-input":"required name=search_term_string"}],"inLanguage":"es"}]}},"_links":{"self":[{"href":"https:\/\/congresamp2024.world\/es\/wp-json\/wp\/v2\/pages\/675","targetHints":{"allow":["GET"]}}],"collection":[{"href":"https:\/\/congresamp2024.world\/es\/wp-json\/wp\/v2\/pages"}],"about":[{"href":"https:\/\/congresamp2024.world\/es\/wp-json\/wp\/v2\/types\/page"}],"author":[{"embeddable":true,"href":"https:\/\/congresamp2024.world\/es\/wp-json\/wp\/v2\/users\/1"}],"replies":[{"embeddable":true,"href":"https:\/\/congresamp2024.world\/es\/wp-json\/wp\/v2\/comments?post=675"}],"version-history":[{"count":2,"href":"https:\/\/congresamp2024.world\/es\/wp-json\/wp\/v2\/pages\/675\/revisions"}],"predecessor-version":[{"id":1969,"href":"https:\/\/congresamp2024.world\/es\/wp-json\/wp\/v2\/pages\/675\/revisions\/1969"}],"wp:attachment":[{"href":"https:\/\/congresamp2024.world\/es\/wp-json\/wp\/v2\/media?parent=675"}],"curies":[{"name":"wp","href":"https:\/\/api.w.org\/{rel}","templated":true}]}}