{"id":676,"date":"2023-04-06T14:58:23","date_gmt":"2023-04-06T12:58:23","guid":{"rendered":"https:\/\/congresamp2024.world\/el-equipo\/"},"modified":"2024-02-29T08:32:09","modified_gmt":"2024-02-29T07:32:09","slug":"el-equipo","status":"publish","type":"page","link":"https:\/\/congresamp2024.world\/es\/el-equipo\/","title":{"rendered":"\u00a1El equipo!"},"content":{"rendered":"\n<p>La composici\u00f3n de nuestro equipo no es inmutable. Vive su vida, est\u00e1 en movimiento, en un devenir constante y se constituye a medida que desarrollamos nuestra forma de hacer las cosas. Lo real antes que lo simb\u00f3lico. Continuar\u00e1.<\/p>\n\n\n\n<hr class=\"wp-block-separator has-alpha-channel-opacity\"\/>\n\n\n\n<p><strong>PRESIDENTE DE LA AMP<\/strong><\/p>\n\n\n\n<p>Christiane Alberti<\/p>\n\n\n\n<p><strong>DIRECCI\u00d3N DEL CONGRESO<\/strong><\/p>\n\n\n\n<p><strong>Directora:<\/strong> Ligia Gorini<\/p>\n\n\n\n<p><strong>Director:<\/strong> Gil Caroz<\/p>\n\n\n\n<p><strong>CONSULTORES<\/strong><\/p>\n\n\n\n<p>Jacques-Alain Miller<\/p>\n\n\n\n<p>Christiane Alberti<\/p>\n\n\n\n<p><strong>COMISI\u00d3N DE ORGANIZACI\u00d3N<\/strong><\/p>\n\n\n\n<p><strong>Secretaria:<\/strong> Anne Ganivet-Poumellec (responsable) \/ Asistenciae Newsletter&nbsp;: Vanessa Wroblewski y Barbara Bertoni<\/p>\n\n\n\n<p><strong>Tresorera:<\/strong>&nbsp; Ang\u00e8le Terrier&nbsp;(responsable) con Bruno Alivon (assistente de tresorer\u00eda)<\/p>\n\n\n\n<p><strong>Corresponsales de las escuelas de la AMP:<\/strong><\/p>\n\n\n\n<p>ECF: C\u00e9cile Wojnarowski<br>EOL: Andrea Zelaya<br>EBP: Angelina Harari<br>ELP: Felix Rueda<br>NLS: Peggy Papada<br>SLP: Loretta Biondi<br>NEL: Raquel Cors Ulloa<\/p>\n\n\n\n<p><strong>Recepci\u00f3n:<\/strong> Fr\u00e9d\u00e9rique Bouvet (responsable)<\/p>\n\n\n\n<p><strong>Traducciones:<\/strong> Paula Galhardo (responsable) con<\/p>\n\n\n\n<p><em>Ingl\u00e9s: <\/em>Peggy Papada (responsable),&nbsp;Julie Burchill, Joachim Cauwe,&nbsp;Adeena Mey, St\u00e9phane Pr\u00e9teux, Eva Sophie Reinhofer, Samya Seth, Amal Wahbi<\/p>\n\n\n\n<p><em>Espa\u00f1ol:<\/em> Melina Cothros (responsable), Ariel Altman, Silvana Belmudes, Lore Buchner, Fernando Centeno, Flavia Hofstetter,&nbsp;Marlith Pachao,&nbsp;Tomas Verger, Claudia Vilela<\/p>\n\n\n\n<p><em>Italiano:<\/em> Elena Madera (responsable), Marco Androsiglio, Ombretta Graciotti, Massimo Grassano, Laura Pacati, Michela Perini, Eleonora Renna, Emanuela Sabatini, Rita Ungania<\/p>\n\n\n\n<p><em>Portugu\u00e9s:<\/em> Fernanda Bonilha, Isadora Escossia, Carina Faria, Raquel da Matta-Beauvais, Mariel Martins, Andrea Souza Paleari, Fernanda Turbat<\/p>\n\n\n\n<p><em>Franc\u00e9s:<\/em> Zo\u00e9 Barray, Caroline Happiette, Camille Schuffenecker<\/p>\n\n\n\n<p><strong>Librar\u00eda<\/strong> : Isabelle Magne (responsable)<\/p>\n\n\n\n<p><strong>COMISI\u00d3N EPISTEMOL\u00d3GICA Y CL\u00cdNICA<\/strong><\/p>\n\n\n\n<p><strong>Simult\u00e1neas:<\/strong> Yves Vanderveken (responsable)<\/p>\n\n\n\n<p>C\u00e9lula: Elisa Alvarenga, Miquel Bassols, Domenico Cosenza<\/p>\n\n\n\n<p>Secretariado: Ruzanna Hakobyan<\/p>\n\n\n\n<p>Equipo tecnico : Veronica Rovai (responsable) con Elise Etchamendy, Marie Salaun, Alice Viterbo, Anna Alexopoulou, Dario Alparone, Dony Antunes, Gillian Bradbury, Lore Buchner, Maitena de Zabaleta, Cinthya Estrada, Cynthia Gon\u00e7alves Gindro, Ombretta Graciotti, Roy Hostettler, Lucie Kiyambekova, Katell Le Scouarnec, Mihalis Manoussakis, Aino-Marjatta M\u00e4ki, Sarah Marquis, Flor Mendiondo, Nikita Moshkin, Marlith Pachao, Ilaria Papandrea, Adriana Rend\u00f3n, Diego Mart\u00edn Tagliaferri, Jesica Varela<\/p>\n\n\n\n<p><strong>Plenarias<\/strong><\/p>\n\n\n\n<p>Equipo tecnico : Cecilia Naranjo (responsable) con Lore Buchner, Gaelle Chamboncel, Anne Colombel-Plouzennec, Thomas Daigueperce, Elise Etchamendy, Micaela FratturaMarie Herrmann, Anne-Elisabeth Labenne, Veronica Rovai, Marie Salaun, Mathieu Siriot<\/p>\n\n\n\n<p><strong>COMUNICACI\u00d3N Y DIFUSI\u00d3N<\/strong><\/p>\n\n\n\n<p><strong>Responsable de medios:<\/strong> Cecilia Naranjo<\/p>\n\n\n\n<p><strong>Hotline:<\/strong> Bruno Alivon (responsable) con Christelle Arfeuille, Arunava Banerjee, Nohemi Brown, Guillermina Laferrara, Cristiano de Oliveira&nbsp;Ventura, Ilaria Papandrea, Nayahra Reis, Eleonora Renna, Eduardo Scarone, G\u00e9rard S\u00e9yeux, Daria Weinstein<\/p>\n\n\n\n<p><strong>Sitio web:<\/strong> Mauricio Diament y Fr\u00e9d\u00e9rique Bouvet (responsables) con&nbsp;Allan Caro y Cl\u00e9ment Marmoz<\/p>\n\n\n\n<p>Traducci\u00f3ns sitio web: Barbara Bertoni, Lorenzo Speroni, Amal Wahbi<\/p>\n\n\n\n<p><strong>Redes sociales:<\/strong> Patricia Wartelle (responsable) con Barbara Bertoni<\/p>\n\n\n\n<p><em>Facebook:<\/em> Anne Colombel-Plouzennec (coordinadora)\u00a0\/ responsables de cuentas\u00a0: Linda Clarke\u00a0(ingl\u00e9s), Anne Colombel-Plouzennec, Anne-Elisabeth Labenne\u00a0(franc\u00e9s), Luisa Arag\u00f3n\u00a0(espa\u00f1ol), Maria Rita Conrado\u00a0(italiano), Maria Antunes\u00a0(portugu\u00e9s)<\/p>\n\n\n\n<p><em>Instagram:<\/em> Val\u00e9rie Bussi\u00e8res (coordinadora) \/ respinsables de cuentas: Christelle Arfeuille, Isabelle Miraglio, Catherine Delengaigne\u00a0 (franc\u00e9s), Camila Colas (portugu\u00e9s), Chiara Nicastri (italiano), Andrea Freir\u00eda (espa\u00f1ol), Sarah Birgani (ingl\u00e9s)<\/p>\n\n\n\n<p><em>Twitter\u00a0:<\/em> Eduardo Scarone (coordinador) \/ responsables de cuentas\u00a0: C\u00e9cile Favreau, Eduardo Scarone (franc\u00e9s), Katia Mari\u00e1s (portugu\u00e9s), Guido Coll (espa\u00f1ol), Peggy Papada (ingl\u00e9s), Cecilia Rizzo (italiano)<\/p>\n\n\n\n<p><em>LinkedIn:<\/em> Eduardo Scarone, C\u00e9cile Favreau<\/p>\n","protected":false},"excerpt":{"rendered":"<p>La composici\u00f3n de nuestro equipo no es inmutable. Vive su vida, est\u00e1 en movimiento, en un devenir constante y se constituye a medida que desarrollamos nuestra forma de hacer las cosas. Lo real antes que lo simb\u00f3lico. Continuar\u00e1. PRESIDENTE DE LA AMP Christiane Alberti DIRECCI\u00d3N DEL CONGRESO Directora: Ligia Gorini Director: Gil Caroz CONSULTORES Jacques-Alain&hellip;&nbsp;<a href=\"https:\/\/congresamp2024.world\/es\/el-equipo\/\" class=\"\" rel=\"bookmark\">Leer m\u00e1s &raquo;<span class=\"screen-reader-text\">\u00a1El equipo!<\/span><\/a><\/p>\n","protected":false},"author":1,"featured_media":0,"parent":0,"menu_order":0,"comment_status":"closed","ping_status":"closed","template":"","meta":{"neve_meta_sidebar":"","neve_meta_container":"","neve_meta_enable_content_width":"","neve_meta_content_width":0,"neve_meta_title_alignment":"","neve_meta_author_avatar":"","neve_post_elements_order":"","neve_meta_disable_header":"","neve_meta_disable_footer":"","neve_meta_disable_title":"","neve_meta_reading_time":"","_themeisle_gutenberg_block_has_review":false,"_ti_tpc_template_sync":false,"_ti_tpc_template_id":"","footnotes":""},"class_list":["post-676","page","type-page","status-publish","hentry"],"acf":[],"yoast_head":"<!-- This site is optimized with the Yoast SEO plugin v20.11 - https:\/\/yoast.com\/wordpress\/plugins\/seo\/ -->\n<title>\u00a1El equipo! -<\/title>\n<meta name=\"robots\" content=\"index, follow, max-snippet:-1, max-image-preview:large, max-video-preview:-1\" \/>\n<link rel=\"canonical\" href=\"https:\/\/congresamp2024.world\/es\/el-equipo\/\" \/>\n<meta property=\"og:locale\" content=\"es_ES\" \/>\n<meta property=\"og:type\" content=\"article\" \/>\n<meta property=\"og:title\" content=\"\u00a1El equipo! -\" \/>\n<meta property=\"og:description\" content=\"La composici\u00f3n de nuestro equipo no es inmutable. Vive su vida, est\u00e1 en movimiento, en un devenir constante y se constituye a medida que desarrollamos nuestra forma de hacer las cosas. Lo real antes que lo simb\u00f3lico. Continuar\u00e1. PRESIDENTE DE LA AMP Christiane Alberti DIRECCI\u00d3N DEL CONGRESO Directora: Ligia Gorini Director: Gil Caroz CONSULTORES Jacques-Alain&hellip;&nbsp;Leer m\u00e1s &raquo;\u00a1El equipo!\" \/>\n<meta property=\"og:url\" content=\"https:\/\/congresamp2024.world\/es\/el-equipo\/\" \/>\n<meta property=\"article:modified_time\" content=\"2024-02-29T07:32:09+00:00\" \/>\n<meta name=\"twitter:card\" content=\"summary_large_image\" \/>\n<meta name=\"twitter:label1\" content=\"Tiempo de lectura\" \/>\n\t<meta name=\"twitter:data1\" content=\"3 minutos\" \/>\n<script type=\"application\/ld+json\" class=\"yoast-schema-graph\">{\"@context\":\"https:\/\/schema.org\",\"@graph\":[{\"@type\":\"WebPage\",\"@id\":\"https:\/\/congresamp2024.world\/es\/el-equipo\/\",\"url\":\"https:\/\/congresamp2024.world\/es\/el-equipo\/\",\"name\":\"\u00a1El equipo! -\",\"isPartOf\":{\"@id\":\"https:\/\/congresamp2024.world\/es\/#website\"},\"datePublished\":\"2023-04-06T12:58:23+00:00\",\"dateModified\":\"2024-02-29T07:32:09+00:00\",\"breadcrumb\":{\"@id\":\"https:\/\/congresamp2024.world\/es\/el-equipo\/#breadcrumb\"},\"inLanguage\":\"es\",\"potentialAction\":[{\"@type\":\"ReadAction\",\"target\":[\"https:\/\/congresamp2024.world\/es\/el-equipo\/\"]}]},{\"@type\":\"BreadcrumbList\",\"@id\":\"https:\/\/congresamp2024.world\/es\/el-equipo\/#breadcrumb\",\"itemListElement\":[{\"@type\":\"ListItem\",\"position\":1,\"name\":\"Accueil\",\"item\":\"https:\/\/congresamp2024.world\/es\/\"},{\"@type\":\"ListItem\",\"position\":2,\"name\":\"\u00a1El equipo!\"}]},{\"@type\":\"WebSite\",\"@id\":\"https:\/\/congresamp2024.world\/es\/#website\",\"url\":\"https:\/\/congresamp2024.world\/es\/\",\"name\":\"\",\"description\":\"\",\"potentialAction\":[{\"@type\":\"SearchAction\",\"target\":{\"@type\":\"EntryPoint\",\"urlTemplate\":\"https:\/\/congresamp2024.world\/es\/?s={search_term_string}\"},\"query-input\":\"required name=search_term_string\"}],\"inLanguage\":\"es\"}]}<\/script>\n<!-- \/ Yoast SEO plugin. -->","yoast_head_json":{"title":"\u00a1El equipo! -","robots":{"index":"index","follow":"follow","max-snippet":"max-snippet:-1","max-image-preview":"max-image-preview:large","max-video-preview":"max-video-preview:-1"},"canonical":"https:\/\/congresamp2024.world\/es\/el-equipo\/","og_locale":"es_ES","og_type":"article","og_title":"\u00a1El equipo! -","og_description":"La composici\u00f3n de nuestro equipo no es inmutable. Vive su vida, est\u00e1 en movimiento, en un devenir constante y se constituye a medida que desarrollamos nuestra forma de hacer las cosas. Lo real antes que lo simb\u00f3lico. Continuar\u00e1. PRESIDENTE DE LA AMP Christiane Alberti DIRECCI\u00d3N DEL CONGRESO Directora: Ligia Gorini Director: Gil Caroz CONSULTORES Jacques-Alain&hellip;&nbsp;Leer m\u00e1s &raquo;\u00a1El equipo!","og_url":"https:\/\/congresamp2024.world\/es\/el-equipo\/","article_modified_time":"2024-02-29T07:32:09+00:00","twitter_card":"summary_large_image","twitter_misc":{"Tiempo de lectura":"3 minutos"},"schema":{"@context":"https:\/\/schema.org","@graph":[{"@type":"WebPage","@id":"https:\/\/congresamp2024.world\/es\/el-equipo\/","url":"https:\/\/congresamp2024.world\/es\/el-equipo\/","name":"\u00a1El equipo! -","isPartOf":{"@id":"https:\/\/congresamp2024.world\/es\/#website"},"datePublished":"2023-04-06T12:58:23+00:00","dateModified":"2024-02-29T07:32:09+00:00","breadcrumb":{"@id":"https:\/\/congresamp2024.world\/es\/el-equipo\/#breadcrumb"},"inLanguage":"es","potentialAction":[{"@type":"ReadAction","target":["https:\/\/congresamp2024.world\/es\/el-equipo\/"]}]},{"@type":"BreadcrumbList","@id":"https:\/\/congresamp2024.world\/es\/el-equipo\/#breadcrumb","itemListElement":[{"@type":"ListItem","position":1,"name":"Accueil","item":"https:\/\/congresamp2024.world\/es\/"},{"@type":"ListItem","position":2,"name":"\u00a1El equipo!"}]},{"@type":"WebSite","@id":"https:\/\/congresamp2024.world\/es\/#website","url":"https:\/\/congresamp2024.world\/es\/","name":"","description":"","potentialAction":[{"@type":"SearchAction","target":{"@type":"EntryPoint","urlTemplate":"https:\/\/congresamp2024.world\/es\/?s={search_term_string}"},"query-input":"required name=search_term_string"}],"inLanguage":"es"}]}},"_links":{"self":[{"href":"https:\/\/congresamp2024.world\/es\/wp-json\/wp\/v2\/pages\/676","targetHints":{"allow":["GET"]}}],"collection":[{"href":"https:\/\/congresamp2024.world\/es\/wp-json\/wp\/v2\/pages"}],"about":[{"href":"https:\/\/congresamp2024.world\/es\/wp-json\/wp\/v2\/types\/page"}],"author":[{"embeddable":true,"href":"https:\/\/congresamp2024.world\/es\/wp-json\/wp\/v2\/users\/1"}],"replies":[{"embeddable":true,"href":"https:\/\/congresamp2024.world\/es\/wp-json\/wp\/v2\/comments?post=676"}],"version-history":[{"count":17,"href":"https:\/\/congresamp2024.world\/es\/wp-json\/wp\/v2\/pages\/676\/revisions"}],"predecessor-version":[{"id":8565,"href":"https:\/\/congresamp2024.world\/es\/wp-json\/wp\/v2\/pages\/676\/revisions\/8565"}],"wp:attachment":[{"href":"https:\/\/congresamp2024.world\/es\/wp-json\/wp\/v2\/media?parent=676"}],"curies":[{"name":"wp","href":"https:\/\/api.w.org\/{rel}","templated":true}]}}