{"id":670,"date":"2023-04-06T14:59:43","date_gmt":"2023-04-06T12:59:43","guid":{"rendered":"https:\/\/congresamp2024.world\/cose-lamp\/"},"modified":"2023-07-13T12:14:15","modified_gmt":"2023-07-13T10:14:15","slug":"cose-lamp","status":"publish","type":"page","link":"https:\/\/congresamp2024.world\/it\/cose-lamp\/","title":{"rendered":"Presentazione dell\u2019AMP"},"content":{"rendered":"\n<p><strong>Christiane Alberti<\/strong><\/p>\n\n\n\n<p>L\u2019Associazione Mondiale di Psicoanalisi riunisce sette Scuole, situati in diversi paesi, e in diversi continenti. Caratterizzata dalla diversit\u00e0 di lingue e stili, \u00e8 un&#8217;esperienza translinguistica che pretende mantenere vivo l&#8217;orientamento lacaniano e la psicoanalisi nel mondo. Tutti membri hanno infatti un punto comune: i loro riferimenti teorici, la loro cura per la formazione dell&#8217;analista, i loro modo di praticare la psicoanalisi, la loro dottrina della fine dell\u2019analisi. Ognuno dei membri che vivono in diversi ambienti culturali, uno per uno, si sentono formare una Scuola UNA, condividono lo stesso destino, condividono come destino: la psicoanalisi.<\/p>\n\n\n\n<p>L&#8217;esistenza dell&#8217;AMP \u00e8 una conseguenza dell&#8217;insegnamento di Jacques Lacan, tal quale diffuso fuori dalla Francia. \u00c8 la psicoanalisi nel mondo, il mondo al di l\u00e0 dei suoi confini.<\/p>\n","protected":false},"excerpt":{"rendered":"<p>Christiane Alberti L\u2019Associazione Mondiale di Psicoanalisi riunisce sette Scuole, situati in diversi paesi, e in diversi continenti. Caratterizzata dalla diversit\u00e0 di lingue e stili, \u00e8 un&#8217;esperienza translinguistica che pretende mantenere vivo l&#8217;orientamento lacaniano e la psicoanalisi nel mondo. Tutti membri hanno infatti un punto comune: i loro riferimenti teorici, la loro cura per la formazione&hellip;&nbsp;<a href=\"https:\/\/congresamp2024.world\/it\/cose-lamp\/\" class=\"\" rel=\"bookmark\">Leggi tutto &raquo;<span class=\"screen-reader-text\">Presentazione dell\u2019AMP<\/span><\/a><\/p>\n","protected":false},"author":1,"featured_media":0,"parent":0,"menu_order":0,"comment_status":"closed","ping_status":"closed","template":"","meta":{"neve_meta_sidebar":"","neve_meta_container":"","neve_meta_enable_content_width":"","neve_meta_content_width":0,"neve_meta_title_alignment":"","neve_meta_author_avatar":"","neve_post_elements_order":"","neve_meta_disable_header":"","neve_meta_disable_footer":"","neve_meta_disable_title":"","neve_meta_reading_time":"","_themeisle_gutenberg_block_has_review":false,"_ti_tpc_template_sync":false,"_ti_tpc_template_id":"","footnotes":""},"class_list":["post-670","page","type-page","status-publish","hentry"],"acf":[],"yoast_head":"<!-- This site is optimized with the Yoast SEO plugin v20.11 - https:\/\/yoast.com\/wordpress\/plugins\/seo\/ -->\n<title>Presentazione dell\u2019AMP -<\/title>\n<meta name=\"robots\" content=\"index, follow, max-snippet:-1, max-image-preview:large, max-video-preview:-1\" \/>\n<link rel=\"canonical\" href=\"https:\/\/congresamp2024.world\/it\/cose-lamp\/\" \/>\n<meta property=\"og:locale\" content=\"it_IT\" \/>\n<meta property=\"og:type\" content=\"article\" \/>\n<meta property=\"og:title\" content=\"Presentazione dell\u2019AMP -\" \/>\n<meta property=\"og:description\" content=\"Christiane Alberti L\u2019Associazione Mondiale di Psicoanalisi riunisce sette Scuole, situati in diversi paesi, e in diversi continenti. Caratterizzata dalla diversit\u00e0 di lingue e stili, \u00e8 un&#8217;esperienza translinguistica che pretende mantenere vivo l&#8217;orientamento lacaniano e la psicoanalisi nel mondo. Tutti membri hanno infatti un punto comune: i loro riferimenti teorici, la loro cura per la formazione&hellip;&nbsp;Leggi tutto &raquo;Presentazione dell\u2019AMP\" \/>\n<meta property=\"og:url\" content=\"https:\/\/congresamp2024.world\/it\/cose-lamp\/\" \/>\n<meta property=\"article:modified_time\" content=\"2023-07-13T10:14:15+00:00\" \/>\n<meta name=\"twitter:card\" content=\"summary_large_image\" \/>\n<meta name=\"twitter:label1\" content=\"Tempo di lettura stimato\" \/>\n\t<meta name=\"twitter:data1\" content=\"1 minuto\" \/>\n<script type=\"application\/ld+json\" class=\"yoast-schema-graph\">{\"@context\":\"https:\/\/schema.org\",\"@graph\":[{\"@type\":\"WebPage\",\"@id\":\"https:\/\/congresamp2024.world\/it\/cose-lamp\/\",\"url\":\"https:\/\/congresamp2024.world\/it\/cose-lamp\/\",\"name\":\"Presentazione dell\u2019AMP -\",\"isPartOf\":{\"@id\":\"https:\/\/congresamp2024.world\/it\/#website\"},\"datePublished\":\"2023-04-06T12:59:43+00:00\",\"dateModified\":\"2023-07-13T10:14:15+00:00\",\"breadcrumb\":{\"@id\":\"https:\/\/congresamp2024.world\/it\/cose-lamp\/#breadcrumb\"},\"inLanguage\":\"it-IT\",\"potentialAction\":[{\"@type\":\"ReadAction\",\"target\":[\"https:\/\/congresamp2024.world\/it\/cose-lamp\/\"]}]},{\"@type\":\"BreadcrumbList\",\"@id\":\"https:\/\/congresamp2024.world\/it\/cose-lamp\/#breadcrumb\",\"itemListElement\":[{\"@type\":\"ListItem\",\"position\":1,\"name\":\"Accueil\",\"item\":\"https:\/\/congresamp2024.world\/it\/\"},{\"@type\":\"ListItem\",\"position\":2,\"name\":\"Presentazione dell\u2019AMP\"}]},{\"@type\":\"WebSite\",\"@id\":\"https:\/\/congresamp2024.world\/it\/#website\",\"url\":\"https:\/\/congresamp2024.world\/it\/\",\"name\":\"\",\"description\":\"\",\"potentialAction\":[{\"@type\":\"SearchAction\",\"target\":{\"@type\":\"EntryPoint\",\"urlTemplate\":\"https:\/\/congresamp2024.world\/it\/?s={search_term_string}\"},\"query-input\":\"required name=search_term_string\"}],\"inLanguage\":\"it-IT\"}]}<\/script>\n<!-- \/ Yoast SEO plugin. -->","yoast_head_json":{"title":"Presentazione dell\u2019AMP -","robots":{"index":"index","follow":"follow","max-snippet":"max-snippet:-1","max-image-preview":"max-image-preview:large","max-video-preview":"max-video-preview:-1"},"canonical":"https:\/\/congresamp2024.world\/it\/cose-lamp\/","og_locale":"it_IT","og_type":"article","og_title":"Presentazione dell\u2019AMP -","og_description":"Christiane Alberti L\u2019Associazione Mondiale di Psicoanalisi riunisce sette Scuole, situati in diversi paesi, e in diversi continenti. Caratterizzata dalla diversit\u00e0 di lingue e stili, \u00e8 un&#8217;esperienza translinguistica che pretende mantenere vivo l&#8217;orientamento lacaniano e la psicoanalisi nel mondo. Tutti membri hanno infatti un punto comune: i loro riferimenti teorici, la loro cura per la formazione&hellip;&nbsp;Leggi tutto &raquo;Presentazione dell\u2019AMP","og_url":"https:\/\/congresamp2024.world\/it\/cose-lamp\/","article_modified_time":"2023-07-13T10:14:15+00:00","twitter_card":"summary_large_image","twitter_misc":{"Tempo di lettura stimato":"1 minuto"},"schema":{"@context":"https:\/\/schema.org","@graph":[{"@type":"WebPage","@id":"https:\/\/congresamp2024.world\/it\/cose-lamp\/","url":"https:\/\/congresamp2024.world\/it\/cose-lamp\/","name":"Presentazione dell\u2019AMP -","isPartOf":{"@id":"https:\/\/congresamp2024.world\/it\/#website"},"datePublished":"2023-04-06T12:59:43+00:00","dateModified":"2023-07-13T10:14:15+00:00","breadcrumb":{"@id":"https:\/\/congresamp2024.world\/it\/cose-lamp\/#breadcrumb"},"inLanguage":"it-IT","potentialAction":[{"@type":"ReadAction","target":["https:\/\/congresamp2024.world\/it\/cose-lamp\/"]}]},{"@type":"BreadcrumbList","@id":"https:\/\/congresamp2024.world\/it\/cose-lamp\/#breadcrumb","itemListElement":[{"@type":"ListItem","position":1,"name":"Accueil","item":"https:\/\/congresamp2024.world\/it\/"},{"@type":"ListItem","position":2,"name":"Presentazione dell\u2019AMP"}]},{"@type":"WebSite","@id":"https:\/\/congresamp2024.world\/it\/#website","url":"https:\/\/congresamp2024.world\/it\/","name":"","description":"","potentialAction":[{"@type":"SearchAction","target":{"@type":"EntryPoint","urlTemplate":"https:\/\/congresamp2024.world\/it\/?s={search_term_string}"},"query-input":"required name=search_term_string"}],"inLanguage":"it-IT"}]}},"_links":{"self":[{"href":"https:\/\/congresamp2024.world\/it\/wp-json\/wp\/v2\/pages\/670","targetHints":{"allow":["GET"]}}],"collection":[{"href":"https:\/\/congresamp2024.world\/it\/wp-json\/wp\/v2\/pages"}],"about":[{"href":"https:\/\/congresamp2024.world\/it\/wp-json\/wp\/v2\/types\/page"}],"author":[{"embeddable":true,"href":"https:\/\/congresamp2024.world\/it\/wp-json\/wp\/v2\/users\/1"}],"replies":[{"embeddable":true,"href":"https:\/\/congresamp2024.world\/it\/wp-json\/wp\/v2\/comments?post=670"}],"version-history":[{"count":1,"href":"https:\/\/congresamp2024.world\/it\/wp-json\/wp\/v2\/pages\/670\/revisions"}],"predecessor-version":[{"id":1964,"href":"https:\/\/congresamp2024.world\/it\/wp-json\/wp\/v2\/pages\/670\/revisions\/1964"}],"wp:attachment":[{"href":"https:\/\/congresamp2024.world\/it\/wp-json\/wp\/v2\/media?parent=670"}],"curies":[{"name":"wp","href":"https:\/\/api.w.org\/{rel}","templated":true}]}}