{"id":664,"date":"2023-04-06T14:58:23","date_gmt":"2023-04-06T12:58:23","guid":{"rendered":"https:\/\/congresamp2024.world\/a-equipe\/"},"modified":"2024-02-29T08:28:41","modified_gmt":"2024-02-29T07:28:41","slug":"a-equipe","status":"publish","type":"page","link":"https:\/\/congresamp2024.world\/pt-br\/a-equipe\/","title":{"rendered":"A equipe!"},"content":{"rendered":"\n<p>A composi\u00e7\u00e3o de nossa equipe n\u00e3o \u00e9 imut\u00e1vel. Ela tem vida pr\u00f3pria, est\u00e1 em movimento, sempre em transforma\u00e7\u00e3o e se constitui \u00e0 medida que n\u00f3s desenvolvemos nossa maneira de fazer. O real antes do simb\u00f3lico. A ser continuado.<\/p>\n\n\n\n<hr class=\"wp-block-separator has-alpha-channel-opacity\"\/>\n\n\n\n<p><strong>PRESIDENTE DA AMP<\/strong><\/p>\n\n\n\n<p>Christiane Alberti<\/p>\n\n\n\n<p><strong>DIRE\u00c7\u00c3O DO CONGRESSO<\/strong><\/p>\n\n\n\n<p><strong>Diretora:<\/strong> Ligia Gorini<\/p>\n\n\n\n<p><strong>Diretor:<\/strong> Gil Caroz<\/p>\n\n\n\n<p><strong>CONSELHEIROS<\/strong><\/p>\n\n\n\n<p>Jacques-Alain Miller<\/p>\n\n\n\n<p>Christiane Alberti<\/p>\n\n\n\n<p><strong>COMISS\u00c3O DE ORGANIZA\u00c7\u00c3O<\/strong><\/p>\n\n\n\n<p><strong>Secretariado:<\/strong> Anne Ganivet-Poumellec (respons\u00e1vel) \/ Assist\u00eancia da Newsletter&nbsp;: Vanessa Wroblewski et Barbara Bertoni<\/p>\n\n\n\n<p><strong>Tesoureira:<\/strong>&nbsp; Ang\u00e8le Terrier&nbsp;(respons\u00e1vel) com Bruno Alivon (tesoureiro adjunto)<\/p>\n\n\n\n<p><strong>Correspondentes das escolas da AMP:<\/strong><\/p>\n\n\n\n<p>ECF: C\u00e9cile Wojnarowski<br>EOL: Andrea Zelaya<br>EBP: Angelina Harari<br>ELP: Felix Rueda<br>NLS: Peggy Papada<br>SLP: Loretta Biondi<br>NEL: Raquel Cors Ulloa<\/p>\n\n\n\n<p><strong>Recep\u00e7\u00e3o:<\/strong> Fr\u00e9d\u00e9rique Bouvet (respons\u00e1vel)<\/p>\n\n\n\n<p><strong>Tradu\u00e7\u00f5es:<\/strong> Paula Galhardo (respons\u00e1vel) com:<\/p>\n\n\n\n<p><em>Ingl\u00eas:<\/em> Peggy Papada (respons\u00e1vel),&nbsp;Julie Burchill, Joachim Cauwe,&nbsp;Adeena Mey, St\u00e9phane Pr\u00e9teux, Eva Sophie Reinhofer, Samya Seth, Amal Wahbi<\/p>\n\n\n\n<p><em>Espanhol:<\/em> Melina Cothros (respons\u00e1vel), Ariel Altman, Silvana Belmudes, Lore Buchner, Fernando Centeno, Flavia Hofstetter,&nbsp;Marlith Pachao,&nbsp;Tomas Verger, Claudia Vilela<\/p>\n\n\n\n<p><em>Italiano:<\/em> Elena Madera (respons\u00e1vel), Marco Androsiglio, Ombretta Graciotti, Massimo Grassano, Laura Pacati, Michela Perini, Eleonora Renna, Emanuela Sabatini, Rita Ungania<\/p>\n\n\n\n<p><em>Portugu\u00eas:<\/em> Fernanda Bonilha, Isadora Escossia, Carina Faria, Raquel da Matta-Beauvais, Mariel Martins, Andrea Souza Paleari, Fernanda Turbat<\/p>\n\n\n\n<p><em>Franc\u00eas:<\/em> Zo\u00e9 Barray, Caroline Happiette, Camille Schuffenecker<\/p>\n\n\n\n<p><strong>Livraria:<\/strong> Isabelle Magne (respons\u00e1vel)<\/p>\n\n\n\n<p><strong>Simult\u00e2neas:<\/strong> Yves Vanderveken (respons\u00e1vel)<\/p>\n\n\n\n<p>C\u00e9lula: Elisa Alvarenga, Miquel Bassols, Domenico Cosenza<\/p>\n\n\n\n<p>Secretariado: Ruzanna Hakobyan<\/p>\n\n\n\n<p>Equipe t\u00e9cnica: Veronica Rovai (respons\u00e1vel) com Elise Etchamendy, Marie Salaun, Alice Viterbo, Anna Alexopoulou, Dario Alparone, Dony Antunes, Gillian Bradbury, Lore Buchner, Maitena de Zabaleta, Cinthya Estrada, Cynthia Gon\u00e7alves Gindro, Ombretta Graciotti, Roy Hostettler, Lucie Kiyambekova, Katell Le Scouarnec, Mihalis Manoussakis, Aino-Marjatta M\u00e4ki, Sarah Marquis, Flor Mendiondo, Nikita Moshkin, Marlith Pachao, Ilaria Papandrea, Adriana Rend\u00f3n, Diego Mart\u00edn Tagliaferri, Jesica Varela<\/p>\n\n\n\n<p><strong>Plen\u00e1ria<\/strong><\/p>\n\n\n\n<p>Equipe t\u00e9cnica : Cecilia Naranjo (respons\u00e1vel) com Lore Buchner, Gaelle Chamboncel, Anne Colombel-Plouzennec, Thomas Daigueperce, Elise Etchamendy, Micaela FratturaMarie Herrmann, Anne-Elisabeth Labenne, Veronica Rovai, Marie Salaun, Mathieu Siriot<\/p>\n\n\n\n<p><strong>COMUNICA\u00c7\u00c3O E DIFUS\u00c3O<\/strong><\/p>\n\n\n\n<p><strong>Respons\u00e1vel de m\u00eddia:<\/strong> Cecilia Naranjo<\/p>\n\n\n\n<p><strong>Hotline:<\/strong> Bruno Alivon (respons\u00e1vel) com Christelle Arfeuille, Arunava Banerjee, Nohemi Brown, Guillermina Laferrara, Cristiano de Oliveira&nbsp;Ventura, Ilaria Papandrea, Nayahra Reis, Eleonora Renna, Eduardo Scarone, G\u00e9rard S\u00e9yeux, Daria Weinstein<\/p>\n\n\n\n<p><strong>Site:<\/strong> Mauricio Diament e Fr\u00e9d\u00e9rique Bouvet (respons\u00e1veis) com&nbsp;Allan Caro e Cl\u00e9ment Marmoz<\/p>\n\n\n\n<p>Tradu\u00e7\u00e3o site&nbsp;: Barbara Bertoni, Lorenzo Speroni, Amal Wahbi<\/p>\n\n\n\n<p><strong>Redes sociais:<\/strong> Patricia Wartelle (respons\u00e1vel) com Barbara Bertoni<\/p>\n\n\n\n<p><em>Facebook&nbsp;:<\/em> Anne Colombel-Plouzennec (coordenadora)&nbsp;\/ respons\u00e1veis de contas&nbsp;: Linda Clarke&nbsp;(ingl\u00eas), Anne Colombel-Plouzennec, Anne-Elisabeth Labenne&nbsp;(franc\u00eas), Luisa Arag\u00f3n&nbsp;(espanhol), Maria Rita Conrado&nbsp;(italiano), Maria Antunes&nbsp;(portugu\u00eas)<\/p>\n\n\n\n<p><em>Instagram\u00a0:<\/em> Val\u00e9rie Bussi\u00e8res (coordenadora) \/ respons\u00e1veis de contas\u00a0: Christelle Arfeuille, Isabelle Miraglio, Catherine Delengaigne\u00a0 (franc\u00eas), Camila Colas (portugu\u00eas), Chiara Nicastri (italiano), Andrea Freir\u00eda (espanhol), Sarah Birgani (ingl\u00eas)<\/p>\n\n\n\n<p><em>Twitter\u00a0:<\/em> Eduardo Scarone (coordenador) \/ respons\u00e1veis de contas\u00a0: C\u00e9cile Favreau, Eduardo Scarone (franc\u00eas), Katia Mari\u00e1s (portugu\u00eas), Guido Coll (espanhol), Peggy Papada (ingl\u00eas), Cecilia Rizzo (italiano)<\/p>\n\n\n\n<p><em>LinkedIn:<\/em> Eduardo Scarone, C\u00e9cile Favreau<\/p>\n","protected":false},"excerpt":{"rendered":"<p>A composi\u00e7\u00e3o de nossa equipe n\u00e3o \u00e9 imut\u00e1vel. Ela tem vida pr\u00f3pria, est\u00e1 em movimento, sempre em transforma\u00e7\u00e3o e se constitui \u00e0 medida que n\u00f3s desenvolvemos nossa maneira de fazer. O real antes do simb\u00f3lico. A ser continuado. PRESIDENTE DA AMP Christiane Alberti DIRE\u00c7\u00c3O DO CONGRESSO Diretora: Ligia Gorini Diretor: Gil Caroz CONSELHEIROS Jacques-Alain Miller&hellip;&nbsp;<a href=\"https:\/\/congresamp2024.world\/pt-br\/a-equipe\/\" class=\"\" rel=\"bookmark\">Continue a ler &raquo;<span class=\"screen-reader-text\">A equipe!<\/span><\/a><\/p>\n","protected":false},"author":1,"featured_media":0,"parent":0,"menu_order":0,"comment_status":"closed","ping_status":"closed","template":"","meta":{"neve_meta_sidebar":"","neve_meta_container":"","neve_meta_enable_content_width":"","neve_meta_content_width":0,"neve_meta_title_alignment":"","neve_meta_author_avatar":"","neve_post_elements_order":"","neve_meta_disable_header":"","neve_meta_disable_footer":"","neve_meta_disable_title":"","neve_meta_reading_time":"","_themeisle_gutenberg_block_has_review":false,"_ti_tpc_template_sync":false,"_ti_tpc_template_id":"","footnotes":""},"class_list":["post-664","page","type-page","status-publish","hentry"],"acf":[],"yoast_head":"<!-- This site is optimized with the Yoast SEO plugin v20.11 - https:\/\/yoast.com\/wordpress\/plugins\/seo\/ -->\n<title>A equipe! -<\/title>\n<meta name=\"robots\" content=\"index, follow, max-snippet:-1, max-image-preview:large, max-video-preview:-1\" \/>\n<link rel=\"canonical\" href=\"https:\/\/congresamp2024.world\/pt-br\/a-equipe\/\" \/>\n<meta property=\"og:locale\" content=\"pt_BR\" \/>\n<meta property=\"og:type\" content=\"article\" \/>\n<meta property=\"og:title\" content=\"A equipe! -\" \/>\n<meta property=\"og:description\" content=\"A composi\u00e7\u00e3o de nossa equipe n\u00e3o \u00e9 imut\u00e1vel. Ela tem vida pr\u00f3pria, est\u00e1 em movimento, sempre em transforma\u00e7\u00e3o e se constitui \u00e0 medida que n\u00f3s desenvolvemos nossa maneira de fazer. O real antes do simb\u00f3lico. A ser continuado. PRESIDENTE DA AMP Christiane Alberti DIRE\u00c7\u00c3O DO CONGRESSO Diretora: Ligia Gorini Diretor: Gil Caroz CONSELHEIROS Jacques-Alain Miller&hellip;&nbsp;Continue a ler &raquo;A equipe!\" \/>\n<meta property=\"og:url\" content=\"https:\/\/congresamp2024.world\/pt-br\/a-equipe\/\" \/>\n<meta property=\"article:modified_time\" content=\"2024-02-29T07:28:41+00:00\" \/>\n<meta name=\"twitter:card\" content=\"summary_large_image\" \/>\n<meta name=\"twitter:label1\" content=\"Est. tempo de leitura\" \/>\n\t<meta name=\"twitter:data1\" content=\"3 minutos\" \/>\n<script type=\"application\/ld+json\" class=\"yoast-schema-graph\">{\"@context\":\"https:\/\/schema.org\",\"@graph\":[{\"@type\":\"WebPage\",\"@id\":\"https:\/\/congresamp2024.world\/pt-br\/a-equipe\/\",\"url\":\"https:\/\/congresamp2024.world\/pt-br\/a-equipe\/\",\"name\":\"A equipe! -\",\"isPartOf\":{\"@id\":\"https:\/\/congresamp2024.world\/pt-br\/#website\"},\"datePublished\":\"2023-04-06T12:58:23+00:00\",\"dateModified\":\"2024-02-29T07:28:41+00:00\",\"breadcrumb\":{\"@id\":\"https:\/\/congresamp2024.world\/pt-br\/a-equipe\/#breadcrumb\"},\"inLanguage\":\"pt-BR\",\"potentialAction\":[{\"@type\":\"ReadAction\",\"target\":[\"https:\/\/congresamp2024.world\/pt-br\/a-equipe\/\"]}]},{\"@type\":\"BreadcrumbList\",\"@id\":\"https:\/\/congresamp2024.world\/pt-br\/a-equipe\/#breadcrumb\",\"itemListElement\":[{\"@type\":\"ListItem\",\"position\":1,\"name\":\"Accueil\",\"item\":\"https:\/\/congresamp2024.world\/pt-br\/\"},{\"@type\":\"ListItem\",\"position\":2,\"name\":\"A equipe!\"}]},{\"@type\":\"WebSite\",\"@id\":\"https:\/\/congresamp2024.world\/pt-br\/#website\",\"url\":\"https:\/\/congresamp2024.world\/pt-br\/\",\"name\":\"\",\"description\":\"\",\"potentialAction\":[{\"@type\":\"SearchAction\",\"target\":{\"@type\":\"EntryPoint\",\"urlTemplate\":\"https:\/\/congresamp2024.world\/pt-br\/?s={search_term_string}\"},\"query-input\":\"required name=search_term_string\"}],\"inLanguage\":\"pt-BR\"}]}<\/script>\n<!-- \/ Yoast SEO plugin. -->","yoast_head_json":{"title":"A equipe! -","robots":{"index":"index","follow":"follow","max-snippet":"max-snippet:-1","max-image-preview":"max-image-preview:large","max-video-preview":"max-video-preview:-1"},"canonical":"https:\/\/congresamp2024.world\/pt-br\/a-equipe\/","og_locale":"pt_BR","og_type":"article","og_title":"A equipe! -","og_description":"A composi\u00e7\u00e3o de nossa equipe n\u00e3o \u00e9 imut\u00e1vel. Ela tem vida pr\u00f3pria, est\u00e1 em movimento, sempre em transforma\u00e7\u00e3o e se constitui \u00e0 medida que n\u00f3s desenvolvemos nossa maneira de fazer. O real antes do simb\u00f3lico. A ser continuado. PRESIDENTE DA AMP Christiane Alberti DIRE\u00c7\u00c3O DO CONGRESSO Diretora: Ligia Gorini Diretor: Gil Caroz CONSELHEIROS Jacques-Alain Miller&hellip;&nbsp;Continue a ler &raquo;A equipe!","og_url":"https:\/\/congresamp2024.world\/pt-br\/a-equipe\/","article_modified_time":"2024-02-29T07:28:41+00:00","twitter_card":"summary_large_image","twitter_misc":{"Est. tempo de leitura":"3 minutos"},"schema":{"@context":"https:\/\/schema.org","@graph":[{"@type":"WebPage","@id":"https:\/\/congresamp2024.world\/pt-br\/a-equipe\/","url":"https:\/\/congresamp2024.world\/pt-br\/a-equipe\/","name":"A equipe! -","isPartOf":{"@id":"https:\/\/congresamp2024.world\/pt-br\/#website"},"datePublished":"2023-04-06T12:58:23+00:00","dateModified":"2024-02-29T07:28:41+00:00","breadcrumb":{"@id":"https:\/\/congresamp2024.world\/pt-br\/a-equipe\/#breadcrumb"},"inLanguage":"pt-BR","potentialAction":[{"@type":"ReadAction","target":["https:\/\/congresamp2024.world\/pt-br\/a-equipe\/"]}]},{"@type":"BreadcrumbList","@id":"https:\/\/congresamp2024.world\/pt-br\/a-equipe\/#breadcrumb","itemListElement":[{"@type":"ListItem","position":1,"name":"Accueil","item":"https:\/\/congresamp2024.world\/pt-br\/"},{"@type":"ListItem","position":2,"name":"A equipe!"}]},{"@type":"WebSite","@id":"https:\/\/congresamp2024.world\/pt-br\/#website","url":"https:\/\/congresamp2024.world\/pt-br\/","name":"","description":"","potentialAction":[{"@type":"SearchAction","target":{"@type":"EntryPoint","urlTemplate":"https:\/\/congresamp2024.world\/pt-br\/?s={search_term_string}"},"query-input":"required name=search_term_string"}],"inLanguage":"pt-BR"}]}},"_links":{"self":[{"href":"https:\/\/congresamp2024.world\/pt-br\/wp-json\/wp\/v2\/pages\/664","targetHints":{"allow":["GET"]}}],"collection":[{"href":"https:\/\/congresamp2024.world\/pt-br\/wp-json\/wp\/v2\/pages"}],"about":[{"href":"https:\/\/congresamp2024.world\/pt-br\/wp-json\/wp\/v2\/types\/page"}],"author":[{"embeddable":true,"href":"https:\/\/congresamp2024.world\/pt-br\/wp-json\/wp\/v2\/users\/1"}],"replies":[{"embeddable":true,"href":"https:\/\/congresamp2024.world\/pt-br\/wp-json\/wp\/v2\/comments?post=664"}],"version-history":[{"count":14,"href":"https:\/\/congresamp2024.world\/pt-br\/wp-json\/wp\/v2\/pages\/664\/revisions"}],"predecessor-version":[{"id":8564,"href":"https:\/\/congresamp2024.world\/pt-br\/wp-json\/wp\/v2\/pages\/664\/revisions\/8564"}],"wp:attachment":[{"href":"https:\/\/congresamp2024.world\/pt-br\/wp-json\/wp\/v2\/media?parent=664"}],"curies":[{"name":"wp","href":"https:\/\/api.w.org\/{rel}","templated":true}]}}