{"id":665,"date":"2023-04-06T14:59:43","date_gmt":"2023-04-06T12:59:43","guid":{"rendered":"https:\/\/congresamp2024.world\/o-que-e-a-amp\/"},"modified":"2023-07-13T12:20:39","modified_gmt":"2023-07-13T10:20:39","slug":"o-que-e-a-amp","status":"publish","type":"page","link":"https:\/\/congresamp2024.world\/pt-br\/o-que-e-a-amp\/","title":{"rendered":"Apresenta\u00e7\u00e3o da AMP"},"content":{"rendered":"\n<p><strong>Christiane Alberti<\/strong><\/p>\n\n\n\n<p>A Associa\u00e7\u00e3o Mundial de Psican\u00e1lise re\u00fane sete Escolas, situadas em diferentes pa\u00edses, sobre diferentes continentes. Caracterizada pela diversidade das l\u00ednguas e dos estilos, ela \u00e9 uma experi\u00eancia \u00ab&nbsp;trans lingu\u00edstica&nbsp;\u00bb que intenta&nbsp;manter viva a orienta\u00e7\u00e3o lacaniana e a psican\u00e1lise no mundo. Todos seus membros t\u00eam de fato um ponto em comum: seus referenciais te\u00f3ricos, seu cuidado com a forma\u00e7\u00e3o do analista, sua maneira de praticar a psican\u00e1lise, sua doutrina sobre o final da an\u00e1lise. Seus membros vivendo em meios culturais diferentes, se sentem, um por um, formar uma Escola Uma, compartilhando seu destino, compartilhando como destino: a psican\u00e1lise.&nbsp;<\/p>\n\n\n\n<p>A exist\u00eancia da AMP \u00e9 uma consequ\u00eancia do ensino de Jacques Lacan, tal qual ele se difundiu fora da Fran\u00e7a. \u00c9 a psican\u00e1lise no mundo, no mundo para al\u00e9m de suas fronteiras.&nbsp;<\/p>\n","protected":false},"excerpt":{"rendered":"<p>Christiane Alberti A Associa\u00e7\u00e3o Mundial de Psican\u00e1lise re\u00fane sete Escolas, situadas em diferentes pa\u00edses, sobre diferentes continentes. Caracterizada pela diversidade das l\u00ednguas e dos estilos, ela \u00e9 uma experi\u00eancia \u00ab&nbsp;trans lingu\u00edstica&nbsp;\u00bb que intenta&nbsp;manter viva a orienta\u00e7\u00e3o lacaniana e a psican\u00e1lise no mundo. Todos seus membros t\u00eam de fato um ponto em comum: seus referenciais te\u00f3ricos,&hellip;&nbsp;<a href=\"https:\/\/congresamp2024.world\/pt-br\/o-que-e-a-amp\/\" class=\"\" rel=\"bookmark\">Continue a ler &raquo;<span class=\"screen-reader-text\">Apresenta\u00e7\u00e3o da AMP<\/span><\/a><\/p>\n","protected":false},"author":1,"featured_media":0,"parent":0,"menu_order":0,"comment_status":"closed","ping_status":"closed","template":"","meta":{"neve_meta_sidebar":"","neve_meta_container":"","neve_meta_enable_content_width":"","neve_meta_content_width":0,"neve_meta_title_alignment":"","neve_meta_author_avatar":"","neve_post_elements_order":"","neve_meta_disable_header":"","neve_meta_disable_footer":"","neve_meta_disable_title":"","neve_meta_reading_time":"","_themeisle_gutenberg_block_has_review":false,"_ti_tpc_template_sync":false,"_ti_tpc_template_id":"","footnotes":""},"class_list":["post-665","page","type-page","status-publish","hentry"],"acf":[],"yoast_head":"<!-- This site is optimized with the Yoast SEO plugin v20.11 - https:\/\/yoast.com\/wordpress\/plugins\/seo\/ -->\n<title>Apresenta\u00e7\u00e3o da AMP -<\/title>\n<meta name=\"robots\" content=\"index, follow, max-snippet:-1, max-image-preview:large, max-video-preview:-1\" \/>\n<link rel=\"canonical\" href=\"https:\/\/congresamp2024.world\/pt-br\/o-que-e-a-amp\/\" \/>\n<meta property=\"og:locale\" content=\"pt_BR\" \/>\n<meta property=\"og:type\" content=\"article\" \/>\n<meta property=\"og:title\" content=\"Apresenta\u00e7\u00e3o da AMP -\" \/>\n<meta property=\"og:description\" content=\"Christiane Alberti A Associa\u00e7\u00e3o Mundial de Psican\u00e1lise re\u00fane sete Escolas, situadas em diferentes pa\u00edses, sobre diferentes continentes. Caracterizada pela diversidade das l\u00ednguas e dos estilos, ela \u00e9 uma experi\u00eancia \u00ab&nbsp;trans lingu\u00edstica&nbsp;\u00bb que intenta&nbsp;manter viva a orienta\u00e7\u00e3o lacaniana e a psican\u00e1lise no mundo. Todos seus membros t\u00eam de fato um ponto em comum: seus referenciais te\u00f3ricos,&hellip;&nbsp;Continue a ler &raquo;Apresenta\u00e7\u00e3o da AMP\" \/>\n<meta property=\"og:url\" content=\"https:\/\/congresamp2024.world\/pt-br\/o-que-e-a-amp\/\" \/>\n<meta property=\"article:modified_time\" content=\"2023-07-13T10:20:39+00:00\" \/>\n<meta name=\"twitter:card\" content=\"summary_large_image\" \/>\n<meta name=\"twitter:label1\" content=\"Est. tempo de leitura\" \/>\n\t<meta name=\"twitter:data1\" content=\"1 minuto\" \/>\n<script type=\"application\/ld+json\" class=\"yoast-schema-graph\">{\"@context\":\"https:\/\/schema.org\",\"@graph\":[{\"@type\":\"WebPage\",\"@id\":\"https:\/\/congresamp2024.world\/pt-br\/o-que-e-a-amp\/\",\"url\":\"https:\/\/congresamp2024.world\/pt-br\/o-que-e-a-amp\/\",\"name\":\"Apresenta\u00e7\u00e3o da AMP -\",\"isPartOf\":{\"@id\":\"https:\/\/congresamp2024.world\/pt-br\/#website\"},\"datePublished\":\"2023-04-06T12:59:43+00:00\",\"dateModified\":\"2023-07-13T10:20:39+00:00\",\"breadcrumb\":{\"@id\":\"https:\/\/congresamp2024.world\/pt-br\/o-que-e-a-amp\/#breadcrumb\"},\"inLanguage\":\"pt-BR\",\"potentialAction\":[{\"@type\":\"ReadAction\",\"target\":[\"https:\/\/congresamp2024.world\/pt-br\/o-que-e-a-amp\/\"]}]},{\"@type\":\"BreadcrumbList\",\"@id\":\"https:\/\/congresamp2024.world\/pt-br\/o-que-e-a-amp\/#breadcrumb\",\"itemListElement\":[{\"@type\":\"ListItem\",\"position\":1,\"name\":\"Accueil\",\"item\":\"https:\/\/congresamp2024.world\/pt-br\/\"},{\"@type\":\"ListItem\",\"position\":2,\"name\":\"Apresenta\u00e7\u00e3o da AMP\"}]},{\"@type\":\"WebSite\",\"@id\":\"https:\/\/congresamp2024.world\/pt-br\/#website\",\"url\":\"https:\/\/congresamp2024.world\/pt-br\/\",\"name\":\"\",\"description\":\"\",\"potentialAction\":[{\"@type\":\"SearchAction\",\"target\":{\"@type\":\"EntryPoint\",\"urlTemplate\":\"https:\/\/congresamp2024.world\/pt-br\/?s={search_term_string}\"},\"query-input\":\"required name=search_term_string\"}],\"inLanguage\":\"pt-BR\"}]}<\/script>\n<!-- \/ Yoast SEO plugin. -->","yoast_head_json":{"title":"Apresenta\u00e7\u00e3o da AMP -","robots":{"index":"index","follow":"follow","max-snippet":"max-snippet:-1","max-image-preview":"max-image-preview:large","max-video-preview":"max-video-preview:-1"},"canonical":"https:\/\/congresamp2024.world\/pt-br\/o-que-e-a-amp\/","og_locale":"pt_BR","og_type":"article","og_title":"Apresenta\u00e7\u00e3o da AMP -","og_description":"Christiane Alberti A Associa\u00e7\u00e3o Mundial de Psican\u00e1lise re\u00fane sete Escolas, situadas em diferentes pa\u00edses, sobre diferentes continentes. Caracterizada pela diversidade das l\u00ednguas e dos estilos, ela \u00e9 uma experi\u00eancia \u00ab&nbsp;trans lingu\u00edstica&nbsp;\u00bb que intenta&nbsp;manter viva a orienta\u00e7\u00e3o lacaniana e a psican\u00e1lise no mundo. Todos seus membros t\u00eam de fato um ponto em comum: seus referenciais te\u00f3ricos,&hellip;&nbsp;Continue a ler &raquo;Apresenta\u00e7\u00e3o da AMP","og_url":"https:\/\/congresamp2024.world\/pt-br\/o-que-e-a-amp\/","article_modified_time":"2023-07-13T10:20:39+00:00","twitter_card":"summary_large_image","twitter_misc":{"Est. tempo de leitura":"1 minuto"},"schema":{"@context":"https:\/\/schema.org","@graph":[{"@type":"WebPage","@id":"https:\/\/congresamp2024.world\/pt-br\/o-que-e-a-amp\/","url":"https:\/\/congresamp2024.world\/pt-br\/o-que-e-a-amp\/","name":"Apresenta\u00e7\u00e3o da AMP -","isPartOf":{"@id":"https:\/\/congresamp2024.world\/pt-br\/#website"},"datePublished":"2023-04-06T12:59:43+00:00","dateModified":"2023-07-13T10:20:39+00:00","breadcrumb":{"@id":"https:\/\/congresamp2024.world\/pt-br\/o-que-e-a-amp\/#breadcrumb"},"inLanguage":"pt-BR","potentialAction":[{"@type":"ReadAction","target":["https:\/\/congresamp2024.world\/pt-br\/o-que-e-a-amp\/"]}]},{"@type":"BreadcrumbList","@id":"https:\/\/congresamp2024.world\/pt-br\/o-que-e-a-amp\/#breadcrumb","itemListElement":[{"@type":"ListItem","position":1,"name":"Accueil","item":"https:\/\/congresamp2024.world\/pt-br\/"},{"@type":"ListItem","position":2,"name":"Apresenta\u00e7\u00e3o da AMP"}]},{"@type":"WebSite","@id":"https:\/\/congresamp2024.world\/pt-br\/#website","url":"https:\/\/congresamp2024.world\/pt-br\/","name":"","description":"","potentialAction":[{"@type":"SearchAction","target":{"@type":"EntryPoint","urlTemplate":"https:\/\/congresamp2024.world\/pt-br\/?s={search_term_string}"},"query-input":"required name=search_term_string"}],"inLanguage":"pt-BR"}]}},"_links":{"self":[{"href":"https:\/\/congresamp2024.world\/pt-br\/wp-json\/wp\/v2\/pages\/665","targetHints":{"allow":["GET"]}}],"collection":[{"href":"https:\/\/congresamp2024.world\/pt-br\/wp-json\/wp\/v2\/pages"}],"about":[{"href":"https:\/\/congresamp2024.world\/pt-br\/wp-json\/wp\/v2\/types\/page"}],"author":[{"embeddable":true,"href":"https:\/\/congresamp2024.world\/pt-br\/wp-json\/wp\/v2\/users\/1"}],"replies":[{"embeddable":true,"href":"https:\/\/congresamp2024.world\/pt-br\/wp-json\/wp\/v2\/comments?post=665"}],"version-history":[{"count":1,"href":"https:\/\/congresamp2024.world\/pt-br\/wp-json\/wp\/v2\/pages\/665\/revisions"}],"predecessor-version":[{"id":1966,"href":"https:\/\/congresamp2024.world\/pt-br\/wp-json\/wp\/v2\/pages\/665\/revisions\/1966"}],"wp:attachment":[{"href":"https:\/\/congresamp2024.world\/pt-br\/wp-json\/wp\/v2\/media?parent=665"}],"curies":[{"name":"wp","href":"https:\/\/api.w.org\/{rel}","templated":true}]}}